{"id":10476,"date":"2019-07-31T05:23:00","date_gmt":"2019-07-31T05:23:00","guid":{"rendered":"https:\/\/megaconstruction-sro.com\/home-3\/"},"modified":"2025-07-07T17:45:28","modified_gmt":"2025-07-07T15:45:28","slug":"home-3","status":"publish","type":"page","link":"https:\/\/megaconstruction-sro.com\/sk\/","title":{"rendered":"Hlavn\u00e1 str\u00e1nka"},"content":{"rendered":"<div class=\"wpb-content-wrapper\"><p>[vc_row][vc_column][vc_empty_space height=&#8221;35px&#8221;][\/vc_column][\/vc_row][vc_row css=&#8221;.vc_custom_1702188934075{padding-top: 50px !important;padding-bottom: 50px !important;}&#8221;][vc_column width=&#8221;2\/3&#8243;]\r\n        <div class=\"rs-heading   vc_custom_1747729870166  \">\r\n        \t<div class=\"title-inner\">\r\n        \t\t<div class=\"title-img\"><img decoding=\"async\" src=\" \" alt=\"\"\/><\/div>\r\n\t            <span class=\"sub-text title-upper\">O N\u00c1S<\/span>\r\n\t            <h2 class=\"title \">Mega Construction s.r.o.<\/h2>\r\n\t        <\/div><\/div>[vc_column_text]Na\u0161a spolo\u010dnos\u0165 bola zalo\u017een\u00e1 v roku 2024 a po\u010das tejto doby sa etablovala ako spo\u013eahliv\u00fd partner. Na\u0161ou hlavnou \u010dinnos\u0165ou je poskytovanie slu\u017eieb v stavebn\u00edctve, ako aj pren\u00e1jom person\u00e1lu. Spolo\u010dnos\u0165 zamestn\u00e1va profesion\u00e1lov vo svojom odbore, ktor\u00ed svoju pr\u00e1cu vykon\u00e1vaj\u00fa zodpovedne. To n\u00e1m umo\u017e\u0148uje garantova\u0165 kvalitu v\u0161etk\u00fdch vykonan\u00fdch pr\u00e1c.[\/vc_column_text][\/vc_column][vc_column width=&#8221;1\/3&#8243;][\/vc_column][\/vc_row][vc_row full_width=&#8221;stretch_row&#8221; content_placement=&#8221;middle&#8221; disable_element=&#8221;yes&#8221; css=&#8221;.vc_custom_1702187969727{padding-top: 65px !important;padding-bottom: 65px !important;background-image: url(https:\/\/megaconstruction-sro.com\/wp-content\/uploads\/2019\/07\/sec_bg3.jpg?id=7294) !important;background-position: center !important;background-repeat: no-repeat !important;background-size: cover !important;}&#8221; el_class=&#8221;md-full-col&#8221; el_id=&#8221;about&#8221;][vc_column width=&#8221;1\/2&#8243; css=&#8221;.vc_custom_1564476259033{padding-left: 20px !important;}&#8221;]\r\n        <div class=\"rs-heading   vc_custom_1573654783108  \">\r\n        \t<div class=\"title-inner\">\r\n        \t\t<div class=\"title-img\"><img decoding=\"async\" src=\" \" alt=\"\"\/><\/div>\r\n\t            <span class=\"sub-text title-upper\">ABOUT US<\/span>\r\n\t            <h2 class=\"title \">G&amp;S Global Construction<\/h2>\r\n\t        <\/div><\/div>[vc_column_text]Our company was founded in 2012 and has established itself as a reliable partner during this time. Our primary area of activity is the rendering services in the construction field. The company employs professionals who are performed their job with all responsibilities. This allows us to ensure the all our work is completed qualitatively.<\/p>\n<h4>Our primary areas of activity include:<\/h4>\n<ul class=\"check-icon two-call\">\n<li>Construction<\/li>\n<li>Renovation<\/li>\n<li>Structure dismantling<\/li>\n<li>Structure erection<\/li>\n<\/ul>\n<h4>If you are looking for a reliable partner, we will be happy to offer our services.<\/h4>\n<p>[\/vc_column_text][\/vc_column][vc_column width=&#8221;1\/2&#8243;][vc_single_image image=&#8221;8510&#8243; img_size=&#8221;full&#8221;][\/vc_column][\/vc_row][vc_row full_width=&#8221;stretch_row&#8221; disable_element=&#8221;yes&#8221; css=&#8221;.vc_custom_1702187228512{padding-top: 32px !important;padding-bottom: 50px !important;background-image: url(https:\/\/megaconstruction-sro.com\/wp-content\/uploads\/2019\/07\/bg1.jpg?id=7169) !important;background-position: center !important;background-repeat: no-repeat !important;background-size: cover !important;}&#8221; el_class=&#8221;why-choose&#8221;][vc_column][vc_row_inner css=&#8221;.vc_custom_1563172503337{margin-top: 0px !important;padding-top: 0px !important;}&#8221; el_class=&#8221;responsive2col&#8221;][vc_column_inner width=&#8221;1\/4&#8243;]\n    <div class=\"counter-top-area  style1 left \"   style=\"background-image: url( )\" >\n\n    <div class=\"rs-counter-list\">\n        <div class=\"counter-icon\"><img decoding=\"async\" src=\"https:\/\/megaconstruction-sro.com\/wp-content\/uploads\/2019\/07\/reliability.png\" alt=\"Counter Icon\"\/><\/div>\n    <div class=\"count-text\">\n    <div style=\"margin-top:0px; margin-bottom:0px; color:#ffffff\" class=\"count-number\">\n        <span style=\"font-size:40px; line-height:40px; color:#ffffff\" class=\"rs-counter\"> 230<\/span> \n        <span style=\"color:#ffffff\"><span style=\"font-size:25px; line-height:25px\">+<\/span><\/span>\n    <\/div>         \n        <h3  style=\"color: #ffffff\"><span  style=\"font-size: 18px; line-height: 18px!important\">Projects<\/span><\/h3><\/div>\n    <\/div><\/div>[\/vc_column_inner][vc_column_inner width=&#8221;1\/4&#8243;]\n    <div class=\"counter-top-area  style1 left \"   style=\"background-image: url( )\" >\n\n    <div class=\"rs-counter-list\">\n        <div class=\"counter-icon\"><img decoding=\"async\" src=\"https:\/\/megaconstruction-sro.com\/wp-content\/uploads\/2019\/07\/settings-1.png\" alt=\"Counter Icon\"\/><\/div>\n    <div class=\"count-text\">\n    <div style=\"margin-top:0px; margin-bottom:0px; color:#ffffff\" class=\"count-number\">\n        <span style=\"font-size:40px; line-height:40px; color:#ffffff\" class=\"rs-counter\"> 631<\/span> \n        <span style=\"color:#ffffff\"><span style=\"font-size:25px; line-height:25px\">+<\/span><\/span>\n    <\/div>         \n        <h3  style=\"color: #ffffff\"><span  style=\"font-size: 18px; line-height: 18px!important\">Advices<\/span><\/h3><\/div>\n    <\/div><\/div>[\/vc_column_inner][vc_column_inner width=&#8221;1\/4&#8243;]\n    <div class=\"counter-top-area  style1 left \"   style=\"background-image: url( )\" >\n\n    <div class=\"rs-counter-list\">\n        <div class=\"counter-icon\"><img decoding=\"async\" src=\"https:\/\/megaconstruction-sro.com\/wp-content\/uploads\/2019\/07\/idea.png\" alt=\"Counter Icon\"\/><\/div>\n    <div class=\"count-text\">\n    <div style=\"margin-top:0px; margin-bottom:0px; color:#ffffff\" class=\"count-number\">\n        <span style=\"font-size:40px; line-height:40px; color:#ffffff\" class=\"rs-counter\"> 44<\/span> \n        <span style=\"color:#ffffff\"><span style=\"font-size:25px; line-height:25px\">+<\/span><\/span>\n    <\/div>         \n        <h3  style=\"color: #ffffff\"><span  style=\"font-size: 18px; line-height: 18px!important\">Professionals<\/span><\/h3><\/div>\n    <\/div><\/div>[\/vc_column_inner][vc_column_inner width=&#8221;1\/4&#8243;]\n    <div class=\"counter-top-area  style1 left \"   style=\"background-image: url( )\" >\n\n    <div class=\"rs-counter-list\">\n        <div class=\"counter-icon\"><img decoding=\"async\" src=\"https:\/\/megaconstruction-sro.com\/wp-content\/uploads\/2019\/07\/checked.png\" alt=\"Counter Icon\"\/><\/div>\n    <div class=\"count-text\">\n    <div style=\"margin-top:0px; margin-bottom:0px; color:#ffffff\" class=\"count-number\">\n        <span style=\"font-size:40px; line-height:40px; color:#ffffff\" class=\"rs-counter\"> 8<\/span> \n        <span style=\"color:#ffffff\"><span style=\"font-size:25px; line-height:25px\">+<\/span><\/span>\n    <\/div>         \n        <h3  style=\"color: #ffffff\"><span  style=\"font-size: 18px; line-height: 18px!important\">Years of Experience<\/span><\/h3><\/div>\n    <\/div><\/div>[\/vc_column_inner][\/vc_row_inner][\/vc_column][\/vc_row][vc_row full_width=&#8221;stretch_row&#8221; disable_element=&#8221;yes&#8221; css=&#8221;.vc_custom_1702187835906{padding-top: 42px !important;padding-bottom: 100px !important;background-image: url(https:\/\/megaconstruction-sro.com\/wp-content\/uploads\/2019\/07\/sec_bg3.jpg?id=7294) !important;background-position: center !important;background-repeat: no-repeat !important;background-size: cover !important;}&#8221;][vc_column]\r\n        <div class=\"rs-heading   vc_custom_1573655151649  text-center\">\r\n        \t<div class=\"title-inner\">\r\n        \t\t<div class=\"title-img\"><img decoding=\"async\" src=\" \" alt=\"\"\/><\/div>\r\n\t            <span class=\"sub-text title-upper\">We Offer<\/span>\r\n\t            <h2 class=\"title \">Our Service<\/h2>\r\n\t        <\/div><\/div><div class=\"service-carousels row services-light\">\n                        <div class=\"service-item services-sliders2 services-sliders3 col-lg-4  \" ><div class=\"services-desc\"><h4 class=\"services-title \"><a href=\"https:\/\/megaconstruction-sro.com\/sk\/service\/installation-and-dismantling-works\/\" >Mont\u00e1\u017ene a demont\u00e1\u017ene pr\u00e1ce<\/a><\/h4>\n                                    <p >Mont\u00e1\u017ene a demont\u00e1\u017ene pr\u00e1ce Poskytujeme profesion\u00e1lne slu\u017eby v oblasti mont\u00e1\u017enych a demont\u00e1\u017enych pr\u00e1c na r\u00f4znych objektoch \u2013 od ob\u010dianskej a priemyselnej...<\/p>\n                                    \n                                    <span class=\"num\" >1<\/span>\n                                <\/div>\n                            <\/div>\n                        <div class=\"service-item services-sliders2 services-sliders3 col-lg-4  \" ><div class=\"services-desc\"><h4 class=\"services-title \"><a href=\"https:\/\/megaconstruction-sro.com\/sk\/service\/construction-of-railway-and-roadway-tunnels\/\" >V\u00fdstavba \u017eelezni\u010dn\u00fdch a cestn\u00fdch tunelov<\/a><\/h4>\n                                    <p >[vc_row][vc_column][vc_column_text] V\u00fdstavba \u017eelezni\u010dn\u00fdch a cestn\u00fdch tunelov \u0160pecializujeme sa na projektovanie a v\u00fdstavbu spo\u013eahliv\u00fdch \u017eelezni\u010dn\u00fdch a cestn\u00fdch tunelov, ktor\u00e9 sp\u013a\u0148aj\u00fa modern\u00e9 po\u017eiadavky...<\/p>\n                                    \n                                    <span class=\"num\" >2<\/span>\n                                <\/div>\n                            <\/div>\n                        <div class=\"service-item services-sliders2 services-sliders3 col-lg-4  \" ><div class=\"services-desc\"><h4 class=\"services-title \"><a href=\"https:\/\/megaconstruction-sro.com\/sk\/service\/construction-of-road-railway-and-pedestrian-bridges\/\" >V\u00fdstavba cestn\u00fdch, \u017eelezni\u010dn\u00fdch a pe\u0161\u00edch mostov<\/a><\/h4>\n                                    <p >V\u00fdstavba cestn\u00fdch, \u017eelezni\u010dn\u00fdch a pe\u0161\u00edch mostov Pon\u00fakame kompletn\u00fd sortiment slu\u017eieb v oblasti v\u00fdstavby a opr\u00e1v mostn\u00fdch kon\u0161trukci\u00ed, zabezpe\u010dujeme spo\u013eahliv\u00e9 a bezpe\u010dn\u00e9...<\/p>\n                                    \n                                    <span class=\"num\" >3<\/span>\n                                <\/div>\n                            <\/div>\n                        <div class=\"service-item services-sliders2 services-sliders3 col-lg-4  \" ><div class=\"services-desc\"><img decoding=\"async\" class=\"service_icon\" src=\"https:\/\/megaconstruction-sro.com\/wp-content\/uploads\/2019\/01\/wall.png\" alt=\"\" \/><img decoding=\"async\" class=\"service_icon service_icon2\" src=\"https:\/\/megaconstruction-sro.com\/wp-content\/uploads\/2019\/01\/wall1.png\" alt=\"\" \/><h4 class=\"services-title \"><a href=\"https:\/\/megaconstruction-sro.com\/sk\/service\/railways\/\" >\u017deleznice<\/a><\/h4>\n                                    <p >[vc_row css=&#8221;.vc_custom_1564567973464{padding-top: 15px !important;padding-bottom: 15px !important;}&#8221;][\/vc_row][vc_column el_id=&#8221;services-single-design&#8221;][\/vc_column][vc_column_text] \u017deleznice Na\u0161i \u0161pecialisti maj\u00fa rozsiahle sk\u00fasenosti s v\u00fdstavbou a opravami \u017eelezn\u00edc a sme pripraven\u00ed...<\/p>\n                                    \n                                    <span class=\"num\" >4<\/span>\n                                <\/div>\n                            <\/div>\n                        <div class=\"service-item services-sliders2 services-sliders3 col-lg-4  \" ><div class=\"services-desc\"><img decoding=\"async\" class=\"service_icon\" src=\"https:\/\/rstheme.com\/products\/wordpress\/kaouwa\/wp-content\/uploads\/2019\/01\/bridge.png\" alt=\"\" \/><img decoding=\"async\" class=\"service_icon service_icon2\" src=\"https:\/\/rstheme.com\/products\/wordpress\/kaouwa\/wp-content\/uploads\/2019\/01\/bridge-1.png\" alt=\"\" \/><h4 class=\"services-title \"><a href=\"https:\/\/megaconstruction-sro.com\/sk\/service\/installation-of-metal-structures\/\" >Mont\u00e1\u017e kovov\u00fdch kon\u0161trukci\u00ed<\/a><\/h4>\n                                    <p >[vc_row css=&#8221;.vc_custom_1564567973464{padding-top: 15px !important;padding-bottom: 15px !important;}&#8221;][\/vc_row][vc_column el_id=&#8221;services-single-design&#8221;][\/vc_column][vc_column_text] Mont\u00e1\u017e kovov\u00fdch kon\u0161trukci\u00ed Mont\u00e1\u017e kovov\u00fdch kon\u0161trukci\u00ed je d\u00f4le\u017eit\u00e1 slu\u017eba, ktor\u00e1 zabezpe\u010duje vytvorenie odoln\u00fdch a...<\/p>\n                                    \n                                    <span class=\"num\" >5<\/span>\n                                <\/div>\n                            <\/div>\n                        <div class=\"service-item services-sliders2 services-sliders3 col-lg-4  \" ><div class=\"services-desc\"><img decoding=\"async\" class=\"service_icon\" src=\"https:\/\/megaconstruction-sro.com\/wp-content\/uploads\/2019\/01\/blueprint.png\" alt=\"\" \/><img decoding=\"async\" class=\"service_icon service_icon2\" src=\"https:\/\/megaconstruction-sro.com\/wp-content\/uploads\/2019\/01\/blueprint1.png\" alt=\"\" \/><h4 class=\"services-title \"><a href=\"https:\/\/megaconstruction-sro.com\/sk\/service\/construction-of-foundations-for-high-voltage-lines-as-well-as-installation-of-high-voltage-supports\/\" >V\u00fdstavba z\u00e1kladov pre vysokonap\u00e4\u0165ov\u00e9 vedenia, ako aj in\u0161tal\u00e1cia vysokonap\u00e4\u0165ov\u00fdch podpier<\/a><\/h4>\n                                    <p >[vc_row css=&#8221;.vc_custom_1564567973464{padding-top: 15px !important;padding-bottom: 15px !important;}&#8221;][\/vc_row][vc_column el_id=&#8221;services-single-design&#8221;][\/vc_column][vc_column_text] V\u00fdstavba z\u00e1kladov pre vysokonap\u00e4\u0165ov\u00e9 vedenia, ako aj in\u0161tal\u00e1cia vysokonap\u00e4\u0165ov\u00fdch podpier Na\u0161a spolo\u010dnos\u0165 poskytuje slu\u017eby...<\/p>\n                                    \n                                    <span class=\"num\" >6<\/span>\n                                <\/div>\n                            <\/div>\n                        <div class=\"service-item services-sliders2 services-sliders3 col-lg-4  \" ><div class=\"services-desc\"><img decoding=\"async\" class=\"service_icon\" src=\"https:\/\/rstheme.com\/products\/wordpress\/kaouwa\/wp-content\/uploads\/2019\/01\/hard-hat.png\" alt=\"\" \/><img decoding=\"async\" class=\"service_icon service_icon2\" src=\"https:\/\/rstheme.com\/products\/wordpress\/kaouwa\/wp-content\/uploads\/2019\/01\/hard-hat-1.png\" alt=\"\" \/><h4 class=\"services-title \"><a href=\"https:\/\/megaconstruction-sro.com\/sk\/service\/repair-and-construction-of-railway-platforms\/\" >Oprava a v\u00fdstavba \u017eelezni\u010dn\u00fdch n\u00e1stup\u00ed\u0161\u0165<\/a><\/h4>\n                                    <p >[vc_row css=&#8221;.vc_custom_1564567973464{padding-top: 15px !important;padding-bottom: 15px !important;}&#8221;][\/vc_row][vc_column el_id=&#8221;services-single-design&#8221;][\/vc_column][vc_column_text] Oprava a v\u00fdstavba \u017eelezni\u010dn\u00fdch n\u00e1stup\u00ed\u0161\u0165 Na\u0161a stavebn\u00e1 spolo\u010dnos\u0165 pon\u00faka slu\u017eby v oblasti opr\u00e1v a...<\/p>\n                                    \n                                    <span class=\"num\" >7<\/span>\n                                <\/div>\n                            <\/div>\n                        <div class=\"service-item services-sliders2 services-sliders3 col-lg-4  \" ><div class=\"services-desc\"><img decoding=\"async\" class=\"service_icon\" src=\"https:\/\/megaconstruction-sro.com\/wp-content\/uploads\/2019\/01\/apartments.png\" alt=\"\" \/><h4 class=\"services-title \"><a href=\"https:\/\/megaconstruction-sro.com\/sk\/service\/construction-of-residential-and-non-residential-facilities\/\" >V\u00fdstavba bytov\u00fdch a nebytov\u00fdch budov<\/a><\/h4>\n                                    <p >[vc_row css=&#8221;.vc_custom_1564567973464{padding-top: 15px !important;padding-bottom: 15px !important;}&#8221;][\/vc_row][vc_column el_id=&#8221;services-single-design&#8221;][\/vc_column][vc_column_text] V\u00fdstavba bytov\u00fdch a nebytov\u00fdch budov Na\u0161e slu\u017eby v oblasti reziden\u010dnej a nereziden\u010dnej v\u00fdstavby v\u00e1m...<\/p>\n                                    \n                                    <span class=\"num\" >8<\/span>\n                                <\/div>\n                            <\/div><\/div>[\/vc_column][\/vc_row][vc_row full_width=&#8221;stretch_row&#8221; disable_element=&#8221;yes&#8221; css=&#8221;.vc_custom_1702187843499{padding-top: 65px !important;padding-bottom: 100px !important;background-color: #f7f7fc !important;background-position: center !important;background-repeat: no-repeat !important;background-size: cover !important;}&#8221; el_class=&#8221;responsivefullcol&#8221;][vc_column css=&#8221;.vc_custom_1564984574887{margin-top: 0px !important;}&#8221;]\r\n        <div class=\"rs-heading   vc_custom_1573655215426  text-center\">\r\n        \t<div class=\"title-inner\">\r\n        \t\t<div class=\"title-img\"><img decoding=\"async\" src=\" \" alt=\"\"\/><\/div>\r\n\t            <span class=\"sub-text title-upper\">Most Recent Projects<\/span>\r\n\t            <h2 class=\"title \">Completed Projects<\/h2>\r\n\t        <\/div><\/div><div class=\"rs-portfolio style2\">\r\n\t<div class=\"portfolio-slider-data\" id=\"ef03dc6\"><\/div>\r\n   <div>\r\n <\/div>\r\n<\/div>[\/vc_column][\/vc_row][vc_row full_width=&#8221;stretch_row&#8221; disable_element=&#8221;yes&#8221; css=&#8221;.vc_custom_1572781795927{padding-top: 80px !important;padding-bottom: 140px !important;background: #ffffff url(https:\/\/rstheme.com\/products\/wordpress\/kaouwa\/wp-content\/uploads\/2019\/08\/bg7.jpg?id=7794) !important;background-position: center !important;background-repeat: no-repeat !important;background-size: cover !important;}&#8221; el_class=&#8221;newsletter-section&#8221;][vc_column width=&#8221;1\/6&#8243;][\/vc_column][vc_column width=&#8221;2\/3&#8243; css=&#8221;.vc_custom_1565002077804{padding-top: 70px !important;padding-right: 50px !important;padding-bottom: 30px !important;padding-left: 50px !important;background: #ffffff url(https:\/\/rstheme.com\/products\/wordpress\/kaouwa\/wp-content\/uploads\/2019\/08\/mail-box.png?id=8164) !important;background-position: center !important;background-repeat: no-repeat !important;background-size: cover !important;border-radius: 5px !important;}&#8221; el_class=&#8221;mobcl-plr20&#8243;][vc_column_text el_class=&#8221;subscribe-text text-center&#8221;]<span class=\"sub-title\">Are you looking for any construction?<\/span><\/p>\n<h3 class=\"title\">Or any questions : <a href=\"tel:(325)512-9895\">(325) 512-9895<\/a><\/h3>\n<div class=\"contact-info\"><span class=\"contact-icon-wrap\"><i class=\"fa fa-envelope-open-o\"><\/i> <a href=\"mailto:contact@rstheme.com\">contact@rstheme.com<\/a><\/span><span class=\"contact-icon-wrap\"><i class=\"fa fa-clock-o\"><\/i> Mon \u2013 Fri 08:00-15:00<\/span><\/div>\n<p>[mc4wp_form id=&#8221;116&#8243;][\/vc_column_text][\/vc_column][vc_column width=&#8221;1\/6&#8243;][\/vc_column][\/vc_row][vc_row full_width=&#8221;stretch_row&#8221; css=&#8221;.vc_custom_1744222825815{padding-top: 60px !important;padding-bottom: 60px !important;background-color: #0158ca !important;}&#8221;][vc_column css=&#8221;.vc_custom_1564650417533{padding-top: 0px !important;}&#8221;]\n\t\t\t        <div class=\"rs-cta \">\n\t\t\t\t\t\t<div class=\"cta-wrap style1 \">\n\t\t\t\t\t\t\t<div class=\"row\">\n\t\t\t\t\t\t\t\t<div class=\"col-lg-5 hidden-md\">\n\t\t\t\t\t\t\t\t\t<div class=\"title-img\"><img decoding=\"async\" src=\" \" alt=\"\" \/><\/div>\n\t\t\t\t\t\t\t\t<\/div>\n\t\t\t\t\t\t\t\t<div class=\"col-lg-7\">\n\t\t\t\t\t\t\t\t\t<div class=\"vertical-middle\">\n\t\t\t\t\t\t\t\t\t\t<div class=\"vertical-middle-cell title-wrap discount-title\">\n\t\t\t\t\t\t\t\t\t\t\t\n\t\t\t\t\t\t\t\t\t\t\t<h2 style=\"color: #ffffff; font-size: 40px; line-height: 1.2 \" class=\"exp-title\">Povedzte n\u00e1m o va\u0161om projekte.<\/h2>\n\t\t\t\t\t\t\t\t\t\t\t\n\t\t\t\t\t\t\t\t\t\t\t<div class=\"button-wrap\">\n\t\t\t\t\t\t\t\t\t\t\t\t<a style=\"background: #0158ca;border-color: #ffffff;color: #ffffff;\" href=\"https:\/\/megaconstruction-sro.com\/contact\/\" title=\"Contact\" data-leavebg=\"#0158ca\" data-leaveborder=\"#ffffff\" data-leavecolor=\"#ffffff\" data-hoverbg=\"#26a0c9\" data-hoverborder=\"#26a0c9\" data-hovertext=\"#ffffff\">Kontaktujte n\u00e1s <i class=\"fa flaticon-right-arrow\"><\/i><\/a>\n\t\t\t\t\t\t\t\t\t\t\t<\/div>\n\t\t\t\t\t\t\t\t\t\t<\/div>\n\t\t\t\t\t\t\t\t\t<\/div>\n\n\n\t\t\t\t\t\t\t\t<\/div>\t\t\t\t\t\t\t\n\t\t\t\t\t\t\t\t\n\t\t\t\t\t\t\t<\/div>\n\t\t\t\t\t\t<\/div>\n\t\t\t\t\t<\/div>[\/vc_column][\/vc_row]<\/p>\n<\/div>","protected":false},"excerpt":{"rendered":"<p>[vc_row][vc_column][vc_empty_space height=&#8221;35px&#8221;][\/vc_column][\/vc_row][vc_row css=&#8221;.vc_custom_1702188934075{padding-top: 50px !important;padding-bottom: 50px !important;}&#8221;][vc_column width=&#8221;2\/3&#8243;][vc_column_text]Na\u0161a spolo\u010dnos\u0165 bola zalo\u017een\u00e1 v roku 2024 a po\u010das tejto doby sa etablovala ako spo\u013eahliv\u00fd partner. Na\u0161ou hlavnou \u010dinnos\u0165ou je poskytovanie slu\u017eieb v stavebn\u00edctve, ako aj pren\u00e1jom person\u00e1lu. Spolo\u010dnos\u0165 zamestn\u00e1va profesion\u00e1lov vo svojom odbore, ktor\u00ed svoju pr\u00e1cu vykon\u00e1vaj\u00fa zodpovedne. To n\u00e1m umo\u017e\u0148uje garantova\u0165 kvalitu v\u0161etk\u00fdch vykonan\u00fdch pr\u00e1c.[\/vc_column_text][\/vc_column][vc_column width=&#8221;1\/3&#8243;][\/vc_column][\/vc_row][vc_row&#8230;<\/p>\n","protected":false},"author":1,"featured_media":0,"parent":0,"menu_order":0,"comment_status":"closed","ping_status":"closed","template":"","meta":{"_vp_format_video_url":"","_vp_image_focal_point":[],"footnotes":""},"class_list":["post-10476","page","type-page","status-publish","hentry"],"_links":{"self":[{"href":"https:\/\/megaconstruction-sro.com\/sk\/wp-json\/wp\/v2\/pages\/10476","targetHints":{"allow":["GET"]}}],"collection":[{"href":"https:\/\/megaconstruction-sro.com\/sk\/wp-json\/wp\/v2\/pages"}],"about":[{"href":"https:\/\/megaconstruction-sro.com\/sk\/wp-json\/wp\/v2\/types\/page"}],"author":[{"embeddable":true,"href":"https:\/\/megaconstruction-sro.com\/sk\/wp-json\/wp\/v2\/users\/1"}],"replies":[{"embeddable":true,"href":"https:\/\/megaconstruction-sro.com\/sk\/wp-json\/wp\/v2\/comments?post=10476"}],"version-history":[{"count":4,"href":"https:\/\/megaconstruction-sro.com\/sk\/wp-json\/wp\/v2\/pages\/10476\/revisions"}],"predecessor-version":[{"id":10645,"href":"https:\/\/megaconstruction-sro.com\/sk\/wp-json\/wp\/v2\/pages\/10476\/revisions\/10645"}],"wp:attachment":[{"href":"https:\/\/megaconstruction-sro.com\/sk\/wp-json\/wp\/v2\/media?parent=10476"}],"curies":[{"name":"wp","href":"https:\/\/api.w.org\/{rel}","templated":true}]}}