{"id":10478,"date":"2025-04-09T12:25:50","date_gmt":"2025-04-09T10:25:50","guid":{"rendered":"https:\/\/megaconstruction-sro.com\/apply-for-a-job\/"},"modified":"2025-05-20T11:09:47","modified_gmt":"2025-05-20T09:09:47","slug":"apply-for-a-job","status":"publish","type":"page","link":"https:\/\/megaconstruction-sro.com\/sk\/apply-for-a-job\/","title":{"rendered":"\u017diados\u0165 o pr\u00e1cu"},"content":{"rendered":"<div class=\"wpb-content-wrapper\"><p>[vc_row][vc_column width=&#8221;1\/6&#8243;][\/vc_column][vc_column width=&#8221;2\/3&#8243;][vc_column_text]<\/p>\n<h1 style=\"text-align: center;\">Uch\u00e1dzajte sa o pr\u00e1cu &#8211; Pridajte sa k n\u00e1\u0161mu t\u00edmu!<\/h1>\n<p><strong>Kari\u00e9ra v stavebn\u00edctve a v\u00fdrobe je vzru\u0161uj\u00faca a rozmanit\u00e1 cesta. Budete ma\u0165 mo\u017enos\u0165 pracova\u0165 na \u0161irokej \u0161k\u00e1le projektov, rozv\u00edja\u0165 svoje zru\u010dnosti a prij\u00edma\u0165 nov\u00e9 v\u00fdzvy. V\u010faka na\u0161im rozsiahlym sk\u00fasenostiam v oblasti n\u00e1boru a stavebn\u00edctva a na\u0161ej rozsiahlej sieti kontaktov sme pripraven\u00ed v\u00e1s podpori\u0165 pri h\u013eadan\u00ed pr\u00e1ce. Pon\u00fakame vynikaj\u00face kari\u00e9rne vyhliadky, konkurencieschopn\u00e9 platy, prvotriedne vybavenie a pomoc v ak\u00fdchko\u013evek n\u00e1ro\u010dn\u00fdch situ\u00e1ci\u00e1ch.<\/strong>[\/vc_column_text][\/vc_column][vc_column width=&#8221;1\/6&#8243;][\/vc_column][\/vc_row][vc_row][vc_column][vc_empty_space][\/vc_column][\/vc_row][vc_row css=&#8221;.vc_custom_1744216674980{background-color: #eae8d5 !important;border-radius: 10px !important;}&#8221;][vc_column][vc_row_inner][vc_column_inner width=&#8221;1\/2&#8243;][vc_single_image image=&#8221;10270&#8243; img_size=&#8221;large&#8221; alignment=&#8221;center&#8221; css=&#8221;.vc_custom_1744222639716{padding-top: 20px !important;padding-right: 20px !important;padding-bottom: 20px !important;padding-left: 20px !important;border-radius: 15px !important;}&#8221; el_id=&#8221;im_order&#8221;][\/vc_column_inner][vc_column_inner width=&#8221;1\/2&#8243;][vc_column_text css=&#8221;.vc_custom_1747732184223{padding-top: 10px !important;padding-right: 10px !important;padding-bottom: 10px !important;padding-left: 10px !important;}&#8221;]<div class=\"wpforms-container wpforms-container-full order_form wpforms-render-modern\" id=\"wpforms-10588\"><form id=\"wpforms-form-10588\" class=\"wpforms-validate wpforms-form wpforms-ajax-form\" data-formid=\"10588\" method=\"post\" enctype=\"multipart\/form-data\" action=\"\/sk\/wp-json\/wp\/v2\/pages\/10478?wpforms_form_id=10588\" data-token=\"da4c843655319e5bc61042a1c79de9c0\" data-token-time=\"1775498962\"><noscript class=\"wpforms-error-noscript\">Please enable JavaScript in your browser to complete this form.<\/noscript><div class=\"wpforms-hidden\" id=\"wpforms-error-noscript\">Please enable JavaScript in your browser to complete this form.<\/div><div class=\"wpforms-field-container\"><div id=\"wpforms-10588-field_18-container\" class=\"wpforms-field wpforms-field-name\" data-field-id=\"18\"><fieldset><legend class=\"wpforms-field-label\">Meno <span class=\"wpforms-required-label\" aria-hidden=\"true\">*<\/span><\/legend><div class=\"wpforms-field-row wpforms-field-large\"><div class=\"wpforms-field-row-block wpforms-first wpforms-one-half\"><input type=\"text\" id=\"wpforms-10588-field_18\" class=\"wpforms-field-name-first wpforms-field-required\" name=\"wpforms[fields][18][first]\" aria-errormessage=\"wpforms-10588-field_18-error\" required><label for=\"wpforms-10588-field_18\" class=\"wpforms-field-sublabel after\">First<\/label><\/div><div class=\"wpforms-field-row-block wpforms-one-half\"><input type=\"text\" id=\"wpforms-10588-field_18-last\" class=\"wpforms-field-name-last wpforms-field-required\" name=\"wpforms[fields][18][last]\" aria-errormessage=\"wpforms-10588-field_18-last-error\" required><label for=\"wpforms-10588-field_18-last\" class=\"wpforms-field-sublabel after\">Last<\/label><\/div><\/div><\/fieldset><\/div><div id=\"wpforms-10588-field_5-container\" class=\"wpforms-field wpforms-field-phone\" data-field-id=\"5\"><label class=\"wpforms-field-label\" for=\"wpforms-10588-field_5\">Telef\u00f3n <span class=\"wpforms-required-label\" aria-hidden=\"true\">*<\/span><\/label><input type=\"tel\" id=\"wpforms-10588-field_5\" class=\"wpforms-field-large wpforms-field-required wpforms-smart-phone-field\" data-rule-smart-phone-field=\"true\" name=\"wpforms[fields][5]\" aria-label=\"Telef\u00f3n\" aria-errormessage=\"wpforms-10588-field_5-error\" required><\/div><div id=\"wpforms-10588-field_2-container\" class=\"wpforms-field wpforms-field-email\" data-field-id=\"2\"><label class=\"wpforms-field-label\" for=\"wpforms-10588-field_2\">E-mail <span class=\"wpforms-required-label\" aria-hidden=\"true\">*<\/span><\/label><input type=\"email\" id=\"wpforms-10588-field_2\" class=\"wpforms-field-large wpforms-field-required\" name=\"wpforms[fields][2]\" spellcheck=\"false\" aria-errormessage=\"wpforms-10588-field_2-error\" required><\/div><div id=\"wpforms-10588-field_22-container\" class=\"wpforms-field wpforms-field-text\" data-field-id=\"22\"><label class=\"wpforms-field-label\" for=\"wpforms-10588-field_22\">S\u00fa\u010dasn\u00e9 bydlisko <span class=\"wpforms-required-label\" aria-hidden=\"true\">*<\/span><\/label><input type=\"text\" id=\"wpforms-10588-field_22\" class=\"wpforms-field-large wpforms-field-required\" name=\"wpforms[fields][22]\" aria-errormessage=\"wpforms-10588-field_22-error\" required><\/div><div id=\"wpforms-10588-field_7-container\" class=\"wpforms-field wpforms-field-select wpforms-conditional-trigger wpforms-field-select-style-classic\" data-field-id=\"7\"><label class=\"wpforms-field-label\" for=\"wpforms-10588-field_7\">Va\u0161e povolanie <span class=\"wpforms-required-label\" aria-hidden=\"true\">*<\/span><\/label><select id=\"wpforms-10588-field_7\" class=\"wpforms-field-large wpforms-field-required\" name=\"wpforms[fields][7]\" required=\"required\"><option value=\"\" class=\"placeholder\" disabled  selected='selected'>- Vyberte si<\/option><option value=\"Maliar\" >Maliar<\/option><option value=\"Zv\u00e1ra\u010d\" >Zv\u00e1ra\u010d<\/option><option value=\"Elektrik\u00e1r\" >Elektrik\u00e1r<\/option><option value=\"Tes\u00e1r\" >Tes\u00e1r<\/option><option value=\"\u010cisti\u010d\" >\u010cisti\u010d<\/option><option value=\"Kuch\u00e1r\" >Kuch\u00e1r<\/option><option value=\"\u0160tukat\u00e9r\" >\u0160tukat\u00e9r<\/option><option value=\"Vodi\u010d kami\u00f3nu\" >Vodi\u010d kami\u00f3nu<\/option><option value=\"Vodi\u010d vysokozdvi\u017en\u00e9ho voz\u00edka\" >Vodi\u010d vysokozdvi\u017en\u00e9ho voz\u00edka<\/option><option value=\"Oper\u00e1tor CNC stroja\" >Oper\u00e1tor CNC stroja<\/option><option value=\"Stavite\u013e\" >Stavite\u013e<\/option><option value=\"In\u0161talat\u00e9\" >In\u0161talat\u00e9<\/option><option value=\"Mechanik\/Technik\" >Mechanik\/Technik<\/option><option value=\"V\u00fdstu\u017en\u00edk\" >V\u00fdstu\u017en\u00edk<\/option><option value=\"Kovoobr\u00e1ba\u010d\" >Kovoobr\u00e1ba\u010d<\/option><option value=\"Mur\u00e1r\" >Mur\u00e1r<\/option><option value=\"Obklada\u010d\" >Obklada\u010d<\/option><option value=\"Izolat\u00e9r\" >Izolat\u00e9r<\/option><option value=\"Majster\" >Majster<\/option><option value=\"kladn\u00edk\" >kladn\u00edk<\/option><option value=\"V\u0161eobecn\u00fd robotn\u00edk\" >V\u0161eobecn\u00fd robotn\u00edk<\/option><option value=\"In\u00e9\" >In\u00e9<\/option><\/select><\/div><div id=\"wpforms-10588-field_8-container\" class=\"wpforms-field wpforms-field-text wpforms-conditional-field wpforms-conditional-show\" data-field-id=\"8\" style=\"display:none;\"><label class=\"wpforms-field-label\" for=\"wpforms-10588-field_8\">In\u00e9 povolanie<\/label><input type=\"text\" id=\"wpforms-10588-field_8\" class=\"wpforms-field-large\" name=\"wpforms[fields][8]\" aria-errormessage=\"wpforms-10588-field_8-error\" ><\/div><div id=\"wpforms-10588-field_24-container\" class=\"wpforms-field wpforms-field-text\" data-field-id=\"24\"><label class=\"wpforms-field-label\" for=\"wpforms-10588-field_24\">Znalos\u0165 jazykov<\/label><input type=\"text\" id=\"wpforms-10588-field_24\" class=\"wpforms-field-large\" name=\"wpforms[fields][24]\" placeholder=\" nem\u010dina, angli\u010dtina, franc\u00faz\u0161tina...\" aria-errormessage=\"wpforms-10588-field_24-error\" ><\/div><div id=\"wpforms-10588-field_11-container\" class=\"wpforms-field wpforms-field-richtext wpforms-field-richtext-toolbar-basic wpforms-field-medium\" data-field-id=\"11\"><fieldset><legend class=\"wpforms-field-label\">Pracovn\u00e9 sk\u00fasenosti<\/legend><div id=\"wp-wpforms-10588-field_11-wrap\" class=\"wp-core-ui wp-editor-wrap tmce-active\"><link rel='stylesheet' id='dashicons-css' href='https:\/\/megaconstruction-sro.com\/wp-includes\/css\/dashicons.min.css?ver=6.8.1' type='text\/css' media='all' \/>\n<link rel='stylesheet' id='editor-buttons-css' href='https:\/\/megaconstruction-sro.com\/wp-includes\/css\/editor.min.css?ver=6.8.1' type='text\/css' media='all' \/>\n<div id=\"wp-wpforms-10588-field_11-editor-tools\" class=\"wp-editor-tools hide-if-no-js\"><div class=\"wp-editor-tabs\"><button type=\"button\" id=\"wpforms-10588-field_11-tmce\" aria-pressed=\"true\" class=\"wp-switch-editor switch-tmce\" data-wp-editor-id=\"wpforms-10588-field_11\">Vizu\u00e1lny editor<\/button>\n<button type=\"button\" id=\"wpforms-10588-field_11-html\" class=\"wp-switch-editor switch-html\" data-wp-editor-id=\"wpforms-10588-field_11\">Code<\/button>\n<\/div>\n<\/div>\n<div id=\"wp-wpforms-10588-field_11-editor-container\" class=\"wp-editor-container\"><div id=\"qt_wpforms-10588-field_11_toolbar\" class=\"quicktags-toolbar hide-if-no-js\"><\/div><textarea class=\"wp-editor-area\" style=\"height: 120px\" autocomplete=\"off\" cols=\"40\" name=\"wpforms[fields][11]\" id=\"wpforms-10588-field_11\"><\/textarea><\/div>\n<\/div>\n\n<\/fieldset><\/div><div id=\"wpforms-10588-field_23-container\" class=\"wpforms-field wpforms-field-file-upload\" data-field-id=\"23\"><label class=\"wpforms-field-label\" for=\"wpforms-10588-field_23\">Nahra\u0165 \u017eivotopis<\/label><div\n\t\tclass=\"wpforms-uploader\"\n\t\tdata-field-id=\"23\"\n\t\tdata-form-id=\"10588\"\n\t\tdata-input-name=\"wpforms_10588_23\"\n\t\tdata-extensions=\"pdf,jpg,png,txt,doc,docx\"\n\t\tdata-max-size=\"2146435072\"\n\t\tdata-max-file-number=\"1\"\n\t\tdata-post-max-size=\"2146435072\"\n\t\tdata-max-parallel-uploads=\"4\"\n\t\tdata-parallel-uploads=\"true\"\n\t\tdata-file-chunk-size=\"2097152\">\n\t<div class=\"dz-message\">\n\t\t<svg viewBox=\"0 0 1024 1024\" focusable=\"false\" data-icon=\"inbox\" width=\"50px\" height=\"50px\" fill=\"currentColor\" aria-hidden=\"true\">\n\t\t\t<path d=\"M885.2 446.3l-.2-.8-112.2-285.1c-5-16.1-19.9-27.2-36.8-27.2H281.2c-17 0-32.1 11.3-36.9 27.6L139.4 443l-.3.7-.2.8c-1.3 4.9-1.7 9.9-1 14.8-.1 1.6-.2 3.2-.2 4.8V830a60.9 60.9 0 0 0 60.8 60.8h627.2c33.5 0 60.8-27.3 60.9-60.8V464.1c0-1.3 0-2.6-.1-3.7.4-4.9 0-9.6-1.3-14.1zm-295.8-43l-.3 15.7c-.8 44.9-31.8 75.1-77.1 75.1-22.1 0-41.1-7.1-54.8-20.6S436 441.2 435.6 419l-.3-15.7H229.5L309 210h399.2l81.7 193.3H589.4zm-375 76.8h157.3c24.3 57.1 76 90.8 140.4 90.8 33.7 0 65-9.4 90.3-27.2 22.2-15.6 39.5-37.4 50.7-63.6h156.5V814H214.4V480.1z\"><\/path>\n\t\t<\/svg>\n\t\t<span class=\"modern-title\">Click or drag a file to this area to upload.<\/span>\n\n\t\t\t<\/div>\n<\/div>\n<input\n\t\ttype=\"text\"\n\t\tautocomplete=\"off\"\n\t\treadonly\n\t\tclass=\"dropzone-input\"\n\t\tstyle=\"position:absolute!important;clip:rect(0,0,0,0)!important;height:1px!important;width:1px!important;border:0!important;overflow:hidden!important;padding:0!important;margin:0!important;\"\n\t\tid=\"wpforms-10588-field_23\"\n\t\tname=\"wpforms_10588_23\" \t\tvalue=\"\">\n<\/div><div id=\"wpforms-10588-field_17-container\" class=\"wpforms-field wpforms-field-checkbox\" data-field-id=\"17\"><fieldset><legend class=\"wpforms-field-label\"> <span class=\"wpforms-required-label\" aria-hidden=\"true\">*<\/span><\/legend><ul id=\"wpforms-10588-field_17\" class=\"wpforms-field-required\"><li class=\"choice-1 depth-1\"><input type=\"checkbox\" id=\"wpforms-10588-field_17_1\" name=\"wpforms[fields][17][]\" value=\"S\u00fahlas\u00edm so spracovan\u00edm mojich \u00fadajov v s\u00falade so z\u00e1sadami ochrany osobn\u00fdch \u00fadajov.\" aria-errormessage=\"wpforms-10588-field_17_1-error\" required ><label class=\"wpforms-field-label-inline\" for=\"wpforms-10588-field_17_1\">S\u00fahlas\u00edm so spracovan\u00edm mojich \u00fadajov v s\u00falade so z\u00e1sadami ochrany osobn\u00fdch \u00fadajov.<\/label><\/li><\/ul><\/fieldset><\/div><\/div><!-- .wpforms-field-container --><div class=\"wpforms-submit-container\" ><input type=\"hidden\" name=\"wpforms[id]\" value=\"10588\"><input type=\"hidden\" name=\"page_title\" value=\"\"><input type=\"hidden\" name=\"page_url\" value=\"https:\/\/megaconstruction-sro.com\/sk\/wp-json\/wp\/v2\/pages\/10478\"><input type=\"hidden\" name=\"url_referer\" value=\"\"><button type=\"submit\" name=\"wpforms[submit]\" id=\"wpforms-submit-10588\" class=\"wpforms-submit order_button\" data-alt-text=\"Posielam...\" data-submit-text=\"Posielam\" aria-live=\"assertive\" value=\"wpforms-submit\">Posielam<\/button><img loading=\"lazy\" decoding=\"async\" src=\"https:\/\/megaconstruction-sro.com\/wp-content\/plugins\/wpforms\/assets\/images\/submit-spin.svg\" class=\"wpforms-submit-spinner\" style=\"display: none;\" width=\"26\" height=\"26\" alt=\"Loading\"><\/div><\/form><\/div>  <!-- .wpforms-container -->[\/vc_column_text][\/vc_column_inner][\/vc_row_inner][\/vc_column][\/vc_row][vc_row][vc_column][\/vc_column][\/vc_row]<\/p>\n<\/div>","protected":false},"excerpt":{"rendered":"<p>[vc_row][vc_column width=&#8221;1\/6&#8243;][\/vc_column][vc_column width=&#8221;2\/3&#8243;][vc_column_text] Uch\u00e1dzajte sa o pr\u00e1cu &#8211; Pridajte sa k n\u00e1\u0161mu t\u00edmu! Kari\u00e9ra v stavebn\u00edctve a v\u00fdrobe je vzru\u0161uj\u00faca a rozmanit\u00e1 cesta. Budete ma\u0165 mo\u017enos\u0165 pracova\u0165 na \u0161irokej \u0161k\u00e1le projektov, rozv\u00edja\u0165 svoje zru\u010dnosti a prij\u00edma\u0165 nov\u00e9 v\u00fdzvy. V\u010faka na\u0161im rozsiahlym sk\u00fasenostiam v oblasti n\u00e1boru a stavebn\u00edctva a na\u0161ej rozsiahlej sieti kontaktov sme pripraven\u00ed v\u00e1s&#8230;<\/p>\n","protected":false},"author":1,"featured_media":0,"parent":0,"menu_order":0,"comment_status":"closed","ping_status":"closed","template":"","meta":{"_vp_format_video_url":"","_vp_image_focal_point":[],"footnotes":""},"class_list":["post-10478","page","type-page","status-publish","hentry"],"_links":{"self":[{"href":"https:\/\/megaconstruction-sro.com\/sk\/wp-json\/wp\/v2\/pages\/10478","targetHints":{"allow":["GET"]}}],"collection":[{"href":"https:\/\/megaconstruction-sro.com\/sk\/wp-json\/wp\/v2\/pages"}],"about":[{"href":"https:\/\/megaconstruction-sro.com\/sk\/wp-json\/wp\/v2\/types\/page"}],"author":[{"embeddable":true,"href":"https:\/\/megaconstruction-sro.com\/sk\/wp-json\/wp\/v2\/users\/1"}],"replies":[{"embeddable":true,"href":"https:\/\/megaconstruction-sro.com\/sk\/wp-json\/wp\/v2\/comments?post=10478"}],"version-history":[{"count":3,"href":"https:\/\/megaconstruction-sro.com\/sk\/wp-json\/wp\/v2\/pages\/10478\/revisions"}],"predecessor-version":[{"id":10634,"href":"https:\/\/megaconstruction-sro.com\/sk\/wp-json\/wp\/v2\/pages\/10478\/revisions\/10634"}],"wp:attachment":[{"href":"https:\/\/megaconstruction-sro.com\/sk\/wp-json\/wp\/v2\/media?parent=10478"}],"curies":[{"name":"wp","href":"https:\/\/api.w.org\/{rel}","templated":true}]}}