{"id":10480,"date":"2018-11-19T04:56:03","date_gmt":"2018-11-19T04:56:03","guid":{"rendered":"https:\/\/megaconstruction-sro.com\/contact\/"},"modified":"2025-05-20T10:53:35","modified_gmt":"2025-05-20T08:53:35","slug":"contact","status":"publish","type":"page","link":"https:\/\/megaconstruction-sro.com\/sk\/contact\/","title":{"rendered":"Kontakt"},"content":{"rendered":"<div class=\"wpb-content-wrapper\"><p>[vc_row full_width=&#8221;stretch_row&#8221; equal_height=&#8221;yes&#8221; content_placement=&#8221;middle&#8221; css=&#8221;.vc_custom_1565065833438{padding-top: 45px !important;padding-bottom: 100px !important;background-color: #f7f7fc !important;background-position: center !important;background-repeat: no-repeat !important;background-size: cover !important;}&#8221; el_id=&#8221;rs-contact&#8221; el_class=&#8221;rs-contact default-contact-page&#8221;][vc_column][vc_row_inner][vc_column_inner]<div class=\"rs-header-title header-left  \">         \r\n        \t\t<h2 class=\"title\">Megawork GmbH<\/h2><\/div>[\/vc_column_inner][\/vc_row_inner][vc_row_inner el_class=&#8221;contact-info-one&#8221;][vc_column_inner width=&#8221;1\/3&#8243;]\r\n       <div class=\"rs-contact\">\r\n        <div class=\"contact-address style3   \"><div class=\"address-item\">\r\n                <div class=\"address-icon\">\r\n                    <i class=\"icon icon-basic-smartphone\"><\/i>\r\n                <\/div>\r\n                <div class=\"address-text\">\r\n                    <h3 class=\"contact-title\">Telef\u00f3n<\/h3>\r\n                    <a href= \"tel:++421233070877\">+421233070877<\/a>\r\n                <\/div>\r\n            <\/div><\/div><\/div>[\/vc_column_inner][vc_column_inner width=&#8221;1\/3&#8243;]\r\n       <div class=\"rs-contact\">\r\n        <div class=\"contact-address style3   \"><div class=\"address-item\">\r\n                    <div class=\"address-icon\">\r\n                        <i class=\"icon icon-basic-mail-multiple\"><\/i>\r\n                    <\/div>\r\n                    <div class=\"address-text\">\r\n                        <h3 class=\"contact-title\">E-mail<\/h3>\r\n                        <a href= \"mailto:info@megaconstruction-sro.com\">info@megaconstruction-sro.com<\/a>                   \r\n                    <\/div>\r\n                <\/div><\/div><\/div>[\/vc_column_inner][vc_column_inner width=&#8221;1\/3&#8243;]\r\n       <div class=\"rs-contact\">\r\n        <div class=\"contact-address style3   \"><div class=\"address-item\">\r\n                    <div class=\"address-icon\">\r\n                        <i class=\"icon icon-basic-geolocalize-01\"><\/i>\r\n                    <\/div>\r\n                    <div class=\"address-text\">\r\n                        <h3 class=\"contact-title\">Adresa<\/h3>\r\n                        Pekn\u00e1 cesta 2459\/19, 831 52 Bratislava-Ra\u010da\r\n                    <\/div>\r\n                <\/div><\/div><\/div>[\/vc_column_inner][\/vc_row_inner][\/vc_column][\/vc_row][vc_row full_width=&#8221;stretch_row_content_no_spaces&#8221; css=&#8221;.vc_custom_1744223921508{margin-bottom: 0px !important;padding-top: 0px !important;background-color: #0158ca !important;}&#8221;][vc_column css=&#8221;.vc_custom_1564393855427{padding-top: 0px !important;}&#8221;][vc_row_inner equal_height=&#8221;yes&#8221; el_class=&#8221;contact-form-contact&#8221;][vc_column_inner width=&#8221;1\/2&#8243;][vc_gmaps link=&#8221;#E-8_JTNDaWZyYW1lJTIwc3JjJTNEJTIyaHR0cHMlM0ElMkYlMkZ3d3cuZ29vZ2xlLmNvbSUyRm1hcHMlMkZlbWJlZCUzRnBiJTNEJTIxMW0xOCUyMTFtMTIlMjExbTMlMjExZDI2NTkuNDQxNDkwNzU5MzcyJTIxMmQxNy4xMzI0OTQ5NzY0MjY1ODUlMjEzZDQ4LjE5ODExMTU3MTI1MDI1JTIxMm0zJTIxMWYwJTIxMmYwJTIxM2YwJTIxM20yJTIxMWkxMDI0JTIxMmk3NjglMjE0ZjEzLjElMjEzbTMlMjExbTIlMjExczB4NDc2YzhlODc1OTgyZjMzZCUyNTNBMHhmODgzNzg0NjkyOWI4MmJhJTIxMnpVR1ZyYnNPaElHTmxjM1JoSURJME5Ua3NJRGd6TVNBMU1pQlNZY1NOWVN3ZzBLSFF1OUMtMExMUXNOQzYwTGpSanclMjE1ZTAlMjEzbTIlMjExc3J1JTIxMnN0aCUyMTR2MTc0NzcyOTI5MjAxMiUyMTVtMiUyMTFzcnUlMjEyc3RoJTIyJTIwd2lkdGglM0QlMjI2MDAlMjIlMjBoZWlnaHQlM0QlMjI0NTAlMjIlMjBzdHlsZSUzRCUyMmJvcmRlciUzQTAlM0IlMjIlMjBhbGxvd2Z1bGxzY3JlZW4lM0QlMjIlMjIlMjBsb2FkaW5nJTNEJTIybGF6eSUyMiUyMHJlZmVycmVycG9saWN5JTNEJTIybm8tcmVmZXJyZXItd2hlbi1kb3duZ3JhZGUlMjIlM0UlM0MlMkZpZnJhbWUlM0U=&#8221; css=&#8221;.vc_custom_1747729306733{margin-bottom: 0px !important;}&#8221; el_class=&#8221;grayscale-map&#8221;][\/vc_column_inner][vc_column_inner width=&#8221;1\/2&#8243; css=&#8221;.vc_custom_1565065745753{padding-top: 70px !important;padding-right: 80px !important;padding-bottom: 70px !important;padding-left: 80px !important;}&#8221;]\r\n        <div class=\"rs-heading   vc_custom_1747729324329  \">\r\n        \t<div class=\"title-inner\">\r\n        \t\t<div class=\"title-img\"><img decoding=\"async\" src=\" \" alt=\"\"\/><\/div>\r\n\t            \r\n\t            <h2 class=\"title \" style=\"color: #ffffff\">Nap\u00ed\u0161te n\u00e1m<\/h2>\r\n\t        <\/div><\/div>\n<div class=\"wpcf7 no-js\" id=\"wpcf7-f10607-o1\" lang=\"en-US\" dir=\"ltr\" data-wpcf7-id=\"10607\">\n<div class=\"screen-reader-response\"><p role=\"status\" aria-live=\"polite\" aria-atomic=\"true\"><\/p> <ul><\/ul><\/div>\n<form action=\"\/sk\/wp-json\/wp\/v2\/pages\/10480#wpcf7-f10607-o1\" method=\"post\" class=\"wpcf7-form init\" aria-label=\"Contact form\" novalidate=\"novalidate\" data-status=\"init\">\n<div style=\"display: none;\">\n<input type=\"hidden\" name=\"_wpcf7\" value=\"10607\" \/>\n<input type=\"hidden\" name=\"_wpcf7_version\" value=\"6.0.6\" \/>\n<input type=\"hidden\" name=\"_wpcf7_locale\" value=\"en_US\" \/>\n<input type=\"hidden\" name=\"_wpcf7_unit_tag\" value=\"wpcf7-f10607-o1\" \/>\n<input type=\"hidden\" name=\"_wpcf7_container_post\" value=\"0\" \/>\n<input type=\"hidden\" name=\"_wpcf7_posted_data_hash\" value=\"\" \/>\n<\/div>\n<div class=\"contact-page2 row\">\n\t<div class=\"col-sm-6\">\n\t\t<p><span class=\"wpcf7-form-control-wrap\" data-name=\"your-name\"><input size=\"40\" maxlength=\"400\" class=\"wpcf7-form-control wpcf7-text wpcf7-validates-as-required\" aria-required=\"true\" aria-invalid=\"false\" placeholder=\"Meno\" value=\"\" type=\"text\" name=\"your-name\" \/><\/span>\n\t\t<\/p>\n\t<\/div>\n\t<div class=\"col-sm-6\">\n\t\t<p><span class=\"wpcf7-form-control-wrap\" data-name=\"your-email\"><input size=\"40\" maxlength=\"400\" class=\"wpcf7-form-control wpcf7-email wpcf7-validates-as-required wpcf7-text wpcf7-validates-as-email\" aria-required=\"true\" aria-invalid=\"false\" placeholder=\"E-mail\" value=\"\" type=\"email\" name=\"your-email\" \/><\/span>\n\t\t<\/p>\n\t<\/div>\n\t<div class=\"col-sm-6\">\n\t\t<p><span class=\"wpcf7-form-control-wrap\" data-name=\"your-phone\"><input size=\"40\" maxlength=\"400\" class=\"wpcf7-form-control wpcf7-text wpcf7-validates-as-required\" aria-required=\"true\" aria-invalid=\"false\" placeholder=\"Telef\u00f3n\" value=\"\" type=\"text\" name=\"your-phone\" \/><\/span>\n\t\t<\/p>\n\t<\/div>\n\t<div class=\"col-sm-6\">\n\t\t<p><span class=\"wpcf7-form-control-wrap\" data-name=\"text-302\"><input size=\"40\" maxlength=\"400\" class=\"wpcf7-form-control wpcf7-text\" aria-invalid=\"false\" placeholder=\"N\u00e1zov spolo\u010dnosti\" value=\"\" type=\"text\" name=\"text-302\" \/><\/span>\n\t\t<\/p>\n\t<\/div>\n\t<div class=\"col-sm-12\">\n\t\t<p><span class=\"wpcf7-form-control-wrap\" data-name=\"your-message\"><textarea cols=\"40\" rows=\"10\" maxlength=\"2000\" class=\"wpcf7-form-control wpcf7-textarea\" aria-invalid=\"false\" placeholder=\"Spr\u00e1va\" name=\"your-message\"><\/textarea><\/span>\n\t\t<\/p>\n\t<\/div>\n\t<div class=\"form-button col-sm-12\">\n\t\t<p class=\"submit-btn\"><input class=\"wpcf7-form-control wpcf7-submit has-spinner\" type=\"submit\" value=\"Posielam\" \/><i class=\"fa flaticon-right-arrow\"><\/i>\n\t\t<\/p>\n\t<\/div>\n<\/div><div class=\"wpcf7-response-output\" aria-hidden=\"true\"><\/div>\n<\/form>\n<\/div>\n[\/vc_column_inner][\/vc_row_inner][vc_separator color=&#8221;custom&#8221; accent_color=&#8221;#181c5d&#8221;][\/vc_column][\/vc_row]<\/p>\n<\/div>","protected":false},"excerpt":{"rendered":"<p>[vc_row full_width=&#8221;stretch_row&#8221; equal_height=&#8221;yes&#8221; content_placement=&#8221;middle&#8221; css=&#8221;.vc_custom_1565065833438{padding-top: 45px !important;padding-bottom: 100px !important;background-color: #f7f7fc !important;background-position: center !important;background-repeat: no-repeat !important;background-size: cover !important;}&#8221; el_id=&#8221;rs-contact&#8221; el_class=&#8221;rs-contact default-contact-page&#8221;][vc_column][vc_row_inner][vc_column_inner][\/vc_column_inner][\/vc_row_inner][vc_row_inner el_class=&#8221;contact-info-one&#8221;][vc_column_inner width=&#8221;1\/3&#8243;][\/vc_column_inner][vc_column_inner width=&#8221;1\/3&#8243;][\/vc_column_inner][vc_column_inner width=&#8221;1\/3&#8243;][\/vc_column_inner][\/vc_row_inner][\/vc_column][\/vc_row][vc_row full_width=&#8221;stretch_row_content_no_spaces&#8221; css=&#8221;.vc_custom_1744223921508{margin-bottom: 0px !important;padding-top: 0px !important;background-color: #0158ca !important;}&#8221;][vc_column css=&#8221;.vc_custom_1564393855427{padding-top: 0px !important;}&#8221;][vc_row_inner equal_height=&#8221;yes&#8221; el_class=&#8221;contact-form-contact&#8221;][vc_column_inner width=&#8221;1\/2&#8243;][vc_gmaps link=&#8221;#E-8_JTNDaWZyYW1lJTIwc3JjJTNEJTIyaHR0cHMlM0ElMkYlMkZ3d3cuZ29vZ2xlLmNvbSUyRm1hcHMlMkZlbWJlZCUzRnBiJTNEJTIxMW0xOCUyMTFtMTIlMjExbTMlMjExZDI2NTkuNDQxNDkwNzU5MzcyJTIxMmQxNy4xMzI0OTQ5NzY0MjY1ODUlMjEzZDQ4LjE5ODExMTU3MTI1MDI1JTIxMm0zJTIxMWYwJTIxMmYwJTIxM2YwJTIxM20yJTIxMWkxMDI0JTIxMmk3NjglMjE0ZjEzLjElMjEzbTMlMjExbTIlMjExczB4NDc2YzhlODc1OTgyZjMzZCUyNTNBMHhmODgzNzg0NjkyOWI4MmJhJTIxMnpVR1ZyYnNPaElHTmxjM1JoSURJME5Ua3NJRGd6TVNBMU1pQlNZY1NOWVN3ZzBLSFF1OUMtMExMUXNOQzYwTGpSanclMjE1ZTAlMjEzbTIlMjExc3J1JTIxMnN0aCUyMTR2MTc0NzcyOTI5MjAxMiUyMTVtMiUyMTFzcnUlMjEyc3RoJTIyJTIwd2lkdGglM0QlMjI2MDAlMjIlMjBoZWlnaHQlM0QlMjI0NTAlMjIlMjBzdHlsZSUzRCUyMmJvcmRlciUzQTAlM0IlMjIlMjBhbGxvd2Z1bGxzY3JlZW4lM0QlMjIlMjIlMjBsb2FkaW5nJTNEJTIybGF6eSUyMiUyMHJlZmVycmVycG9saWN5JTNEJTIybm8tcmVmZXJyZXItd2hlbi1kb3duZ3JhZGUlMjIlM0UlM0MlMkZpZnJhbWUlM0U=&#8221; css=&#8221;.vc_custom_1747729306733{margin-bottom: 0px !important;}&#8221; el_class=&#8221;grayscale-map&#8221;][\/vc_column_inner][vc_column_inner width=&#8221;1\/2&#8243; css=&#8221;.vc_custom_1565065745753{padding-top: 70px !important;padding-right: 80px !important;padding-bottom: 70px !important;padding-left: 80px !important;}&#8221;][\/vc_column_inner][\/vc_row_inner][vc_separator color=&#8221;custom&#8221; accent_color=&#8221;#181c5d&#8221;][\/vc_column]&#8230;<\/p>\n","protected":false},"author":1,"featured_media":0,"parent":0,"menu_order":0,"comment_status":"closed","ping_status":"closed","template":"","meta":{"_vp_format_video_url":"","_vp_image_focal_point":[],"footnotes":""},"class_list":["post-10480","page","type-page","status-publish","hentry"],"_links":{"self":[{"href":"https:\/\/megaconstruction-sro.com\/sk\/wp-json\/wp\/v2\/pages\/10480","targetHints":{"allow":["GET"]}}],"collection":[{"href":"https:\/\/megaconstruction-sro.com\/sk\/wp-json\/wp\/v2\/pages"}],"about":[{"href":"https:\/\/megaconstruction-sro.com\/sk\/wp-json\/wp\/v2\/types\/page"}],"author":[{"embeddable":true,"href":"https:\/\/megaconstruction-sro.com\/sk\/wp-json\/wp\/v2\/users\/1"}],"replies":[{"embeddable":true,"href":"https:\/\/megaconstruction-sro.com\/sk\/wp-json\/wp\/v2\/comments?post=10480"}],"version-history":[{"count":7,"href":"https:\/\/megaconstruction-sro.com\/sk\/wp-json\/wp\/v2\/pages\/10480\/revisions"}],"predecessor-version":[{"id":10609,"href":"https:\/\/megaconstruction-sro.com\/sk\/wp-json\/wp\/v2\/pages\/10480\/revisions\/10609"}],"wp:attachment":[{"href":"https:\/\/megaconstruction-sro.com\/sk\/wp-json\/wp\/v2\/media?parent=10480"}],"curies":[{"name":"wp","href":"https:\/\/api.w.org\/{rel}","templated":true}]}}