{"id":10481,"date":"2025-04-09T12:25:23","date_gmt":"2025-04-09T10:25:23","guid":{"rendered":"https:\/\/megaconstruction-sro.com\/hiring-temporary-staff\/"},"modified":"2025-05-20T11:08:30","modified_gmt":"2025-05-20T09:08:30","slug":"hiring-temporary-staff","status":"publish","type":"page","link":"https:\/\/megaconstruction-sro.com\/sk\/hiring-temporary-staff\/","title":{"rendered":"Pren\u00e1jom do\u010dasn\u00fdch zamestnancov"},"content":{"rendered":"<div class=\"wpb-content-wrapper\"><p>[vc_row][vc_column width=&#8221;1\/6&#8243;][\/vc_column][vc_column width=&#8221;2\/3&#8243;][vc_column_text]<\/p>\n<h1 style=\"text-align: center;\">Najmite si tu zamestnancov<\/h1>\n<p><strong><br \/>\nV\u010faka na\u0161im rozsiahlym sk\u00fasenostiam v oblasti person\u00e1lneho obsadzovania a v\u00fdstavby a na\u0161ej rozsiahlej sieti zamestnancov sme pripraven\u00ed v\u00e1m pom\u00f4c\u0165 v\u017edy, ke\u010f budete potrebova\u0165 \u010fal\u0161iu pracovn\u00fa silu. Ke\u010f si n\u00e1s najmete na person\u00e1lne obsadenie, m\u00f4\u017eete si by\u0165 ist\u00ed, \u017ee dostanete potrebn\u00fd po\u010det kvalifikovan\u00fdch \u0161pecialistov, ktor\u00ed v\u00e1m pom\u00f4\u017eu splni\u0165 harmonogramy v\u00e1\u0161ho projektu.<\/strong>[\/vc_column_text][\/vc_column][vc_column width=&#8221;1\/6&#8243;][\/vc_column][\/vc_row][vc_row][vc_column][vc_empty_space][\/vc_column][\/vc_row][vc_row css=&#8221;.vc_custom_1744216674980{background-color: #eae8d5 !important;border-radius: 10px !important;}&#8221;][vc_column][vc_row_inner][vc_column_inner width=&#8221;1\/2&#8243;][vc_single_image image=&#8221;10204&#8243; img_size=&#8221;large&#8221; alignment=&#8221;center&#8221; css=&#8221;.vc_custom_1744217143428{padding-top: 20px !important;padding-right: 20px !important;padding-bottom: 20px !important;padding-left: 20px !important;border-radius: 15px !important;}&#8221; el_id=&#8221;im_order&#8221;][\/vc_column_inner][vc_column_inner width=&#8221;1\/2&#8243;][vc_column_text css=&#8221;.vc_custom_1747732109126{padding-top: 10px !important;padding-right: 10px !important;padding-bottom: 10px !important;padding-left: 10px !important;}&#8221;]<div class=\"wpforms-container wpforms-container-full order_form wpforms-render-modern\" id=\"wpforms-10590\"><form id=\"wpforms-form-10590\" class=\"wpforms-validate wpforms-form wpforms-ajax-form\" data-formid=\"10590\" method=\"post\" enctype=\"multipart\/form-data\" action=\"\/sk\/wp-json\/wp\/v2\/pages\/10481\" data-token=\"cc1c7b4eba2a25ebe61dd42c04db763d\" data-token-time=\"1775498887\"><noscript class=\"wpforms-error-noscript\">Please enable JavaScript in your browser to complete this form.<\/noscript><div class=\"wpforms-hidden\" id=\"wpforms-error-noscript\">Please enable JavaScript in your browser to complete this form.<\/div><div class=\"wpforms-field-container\"><div id=\"wpforms-10590-field_4-container\" class=\"wpforms-field wpforms-field-text\" data-field-id=\"4\"><label class=\"wpforms-field-label\" for=\"wpforms-10590-field_4\">N\u00e1zov spolo\u010dnosti <span class=\"wpforms-required-label\" aria-hidden=\"true\">*<\/span><\/label><input type=\"text\" id=\"wpforms-10590-field_4\" class=\"wpforms-field-large wpforms-field-required\" name=\"wpforms[fields][4]\" aria-errormessage=\"wpforms-10590-field_4-error\" required><\/div><div id=\"wpforms-10590-field_5-container\" class=\"wpforms-field wpforms-field-phone\" data-field-id=\"5\"><label class=\"wpforms-field-label\" for=\"wpforms-10590-field_5\">Telef\u00f3n <span class=\"wpforms-required-label\" aria-hidden=\"true\">*<\/span><\/label><input type=\"tel\" id=\"wpforms-10590-field_5\" class=\"wpforms-field-large wpforms-field-required wpforms-smart-phone-field\" data-rule-smart-phone-field=\"true\" name=\"wpforms[fields][5]\" aria-label=\"Telef\u00f3n\" aria-errormessage=\"wpforms-10590-field_5-error\" required><\/div><div id=\"wpforms-10590-field_2-container\" class=\"wpforms-field wpforms-field-email\" data-field-id=\"2\"><label class=\"wpforms-field-label\" for=\"wpforms-10590-field_2\"> E-mail <span class=\"wpforms-required-label\" aria-hidden=\"true\">*<\/span><\/label><input type=\"email\" id=\"wpforms-10590-field_2\" class=\"wpforms-field-large wpforms-field-required\" name=\"wpforms[fields][2]\" spellcheck=\"false\" aria-errormessage=\"wpforms-10590-field_2-error\" required><\/div><div id=\"wpforms-10590-field_7-container\" class=\"wpforms-field wpforms-field-select wpforms-conditional-trigger wpforms-field-select-style-classic\" data-field-id=\"7\"><label class=\"wpforms-field-label\" for=\"wpforms-10590-field_7\">V\u00fdber povolania: <span class=\"wpforms-required-label\" aria-hidden=\"true\">*<\/span><\/label><select id=\"wpforms-10590-field_7\" class=\"wpforms-field-large wpforms-field-required\" name=\"wpforms[fields][7]\" required=\"required\"><option value=\"\" class=\"placeholder\" disabled  selected='selected'>- Vyberte si<\/option><option value=\"Maliar\" >Maliar<\/option><option value=\"Zv\u00e1ra\u010d\" >Zv\u00e1ra\u010d<\/option><option value=\"Elektrik\u00e1r\" >Elektrik\u00e1r<\/option><option value=\"Tes\u00e1r\" >Tes\u00e1r<\/option><option value=\"\u010cisti\u010d\" >\u010cisti\u010d<\/option><option value=\"Kuch\u00e1r\" >Kuch\u00e1r<\/option><option value=\"\u0160tukat\u00e9r\" >\u0160tukat\u00e9r<\/option><option value=\"Vodi\u010d kami\u00f3nu\" >Vodi\u010d kami\u00f3nu<\/option><option value=\"Vodi\u010d vysokozdvi\u017en\u00e9ho voz\u00edka\" >Vodi\u010d vysokozdvi\u017en\u00e9ho voz\u00edka<\/option><option value=\"Oper\u00e1tor CNC stroja\" >Oper\u00e1tor CNC stroja<\/option><option value=\"Stavite\u013e\" >Stavite\u013e<\/option><option value=\"In\u0161talat\u00e9r\" >In\u0161talat\u00e9r<\/option><option value=\"Mechanik\/Technik\" >Mechanik\/Technik<\/option><option value=\"V\u00fdstu\u017en\u00edk\" >V\u00fdstu\u017en\u00edk<\/option><option value=\"Kovoobr\u00e1ba\u010d\" >Kovoobr\u00e1ba\u010d<\/option><option value=\"Mur\u00e1r\" >Mur\u00e1r<\/option><option value=\"Obklada\u010d\" >Obklada\u010d<\/option><option value=\"Izolat\u00e9r\" >Izolat\u00e9r<\/option><option value=\"Majster\" >Majster<\/option><option value=\"Skladn\u00edk\" >Skladn\u00edk<\/option><option value=\"V\u0161eobecn\u00fd robotn\u00edk\" >V\u0161eobecn\u00fd robotn\u00edk<\/option><option value=\"In\u00e9\" >In\u00e9<\/option><\/select><\/div><div id=\"wpforms-10590-field_8-container\" class=\"wpforms-field wpforms-field-text wpforms-conditional-field wpforms-conditional-show\" data-field-id=\"8\" style=\"display:none;\"><label class=\"wpforms-field-label\" for=\"wpforms-10590-field_8\">In\u00e9 povolanie<\/label><input type=\"text\" id=\"wpforms-10590-field_8\" class=\"wpforms-field-large\" name=\"wpforms[fields][8]\" aria-errormessage=\"wpforms-10590-field_8-error\" ><\/div><div id=\"wpforms-10590-field_9-container\" class=\"wpforms-field wpforms-field-select wpforms-conditional-trigger wpforms-field-select-style-classic\" data-field-id=\"9\"><label class=\"wpforms-field-label\" for=\"wpforms-10590-field_9\">Doba pren\u00e1jmu zamestnanca: <span class=\"wpforms-required-label\" aria-hidden=\"true\">*<\/span><\/label><select id=\"wpforms-10590-field_9\" class=\"wpforms-field-large wpforms-field-required\" name=\"wpforms[fields][9]\" required=\"required\"><option value=\"\" class=\"placeholder\" disabled  selected='selected'>- Vyberte si<\/option><option value=\"1 mesiac\" >1 mesiac<\/option><option value=\"2 mesiace\" >2 mesiace<\/option><option value=\"3 mesiace\" >3 mesiace<\/option><option value=\"Od 1 do 12 mesiacov\" >Od 1 do 12 mesiacov<\/option><\/select><\/div><div id=\"wpforms-10590-field_10-container\" class=\"wpforms-field wpforms-field-text wpforms-conditional-field wpforms-conditional-show\" data-field-id=\"10\" style=\"display:none;\"><label class=\"wpforms-field-label\" for=\"wpforms-10590-field_10\">Uve\u010fte obdobie<\/label><input type=\"text\" id=\"wpforms-10590-field_10\" class=\"wpforms-field-large\" name=\"wpforms[fields][10]\" aria-errormessage=\"wpforms-10590-field_10-error\" ><\/div><div id=\"wpforms-10590-field_11-container\" class=\"wpforms-field wpforms-field-richtext wpforms-field-richtext-toolbar-basic wpforms-field-medium\" data-field-id=\"11\"><fieldset><legend class=\"wpforms-field-label\">Priania a \u0161peci\u00e1lne po\u017eiadavky<\/legend><div id=\"wp-wpforms-10590-field_11-wrap\" class=\"wp-core-ui wp-editor-wrap tmce-active\"><link rel='stylesheet' id='dashicons-css' href='https:\/\/megaconstruction-sro.com\/wp-includes\/css\/dashicons.min.css?ver=6.8.1' type='text\/css' media='all' \/>\n<link rel='stylesheet' id='editor-buttons-css' href='https:\/\/megaconstruction-sro.com\/wp-includes\/css\/editor.min.css?ver=6.8.1' type='text\/css' media='all' \/>\n<div id=\"wp-wpforms-10590-field_11-editor-tools\" class=\"wp-editor-tools hide-if-no-js\"><div class=\"wp-editor-tabs\"><button type=\"button\" id=\"wpforms-10590-field_11-tmce\" aria-pressed=\"true\" class=\"wp-switch-editor switch-tmce\" data-wp-editor-id=\"wpforms-10590-field_11\">Vizu\u00e1lny editor<\/button>\n<button type=\"button\" id=\"wpforms-10590-field_11-html\" class=\"wp-switch-editor switch-html\" data-wp-editor-id=\"wpforms-10590-field_11\">Code<\/button>\n<\/div>\n<\/div>\n<div id=\"wp-wpforms-10590-field_11-editor-container\" class=\"wp-editor-container\"><div id=\"qt_wpforms-10590-field_11_toolbar\" class=\"quicktags-toolbar hide-if-no-js\"><\/div><textarea class=\"wp-editor-area\" style=\"height: 120px\" autocomplete=\"off\" cols=\"40\" name=\"wpforms[fields][11]\" id=\"wpforms-10590-field_11\"><\/textarea><\/div>\n<\/div>\n\n<\/fieldset><\/div><div id=\"wpforms-10590-field_17-container\" class=\"wpforms-field wpforms-field-checkbox\" data-field-id=\"17\"><fieldset><legend class=\"wpforms-field-label\"> <span class=\"wpforms-required-label\" aria-hidden=\"true\">*<\/span><\/legend><ul id=\"wpforms-10590-field_17\" class=\"wpforms-field-required\"><li class=\"choice-1 depth-1\"><input type=\"checkbox\" id=\"wpforms-10590-field_17_1\" name=\"wpforms[fields][17][]\" value=\"S\u00fahlas\u00edm so spracovan\u00edm mojich \u00fadajov v s\u00falade so z\u00e1sadami ochrany osobn\u00fdch \u00fadajov.\" aria-errormessage=\"wpforms-10590-field_17_1-error\" required ><label class=\"wpforms-field-label-inline\" for=\"wpforms-10590-field_17_1\">S\u00fahlas\u00edm so spracovan\u00edm mojich \u00fadajov v s\u00falade so z\u00e1sadami ochrany osobn\u00fdch \u00fadajov.<\/label><\/li><\/ul><\/fieldset><\/div><\/div><!-- .wpforms-field-container --><div class=\"wpforms-submit-container\" ><input type=\"hidden\" name=\"wpforms[id]\" value=\"10590\"><input type=\"hidden\" name=\"page_title\" value=\"\"><input type=\"hidden\" name=\"page_url\" value=\"https:\/\/megaconstruction-sro.com\/sk\/wp-json\/wp\/v2\/pages\/10481\"><input type=\"hidden\" name=\"url_referer\" value=\"\"><button type=\"submit\" name=\"wpforms[submit]\" id=\"wpforms-submit-10590\" class=\"wpforms-submit order_button\" data-alt-text=\"Posielam...\" data-submit-text=\"Posielam\" aria-live=\"assertive\" value=\"wpforms-submit\">Posielam<\/button><img loading=\"lazy\" decoding=\"async\" src=\"https:\/\/megaconstruction-sro.com\/wp-content\/plugins\/wpforms\/assets\/images\/submit-spin.svg\" class=\"wpforms-submit-spinner\" style=\"display: none;\" width=\"26\" height=\"26\" alt=\"Loading\"><\/div><\/form><\/div>  <!-- .wpforms-container -->[\/vc_column_text][\/vc_column_inner][\/vc_row_inner][\/vc_column][\/vc_row][vc_row][vc_column][\/vc_column][\/vc_row]<\/p>\n<\/div>","protected":false},"excerpt":{"rendered":"<p>[vc_row][vc_column width=&#8221;1\/6&#8243;][\/vc_column][vc_column width=&#8221;2\/3&#8243;][vc_column_text] Najmite si tu zamestnancov V\u010faka na\u0161im rozsiahlym sk\u00fasenostiam v oblasti person\u00e1lneho obsadzovania a v\u00fdstavby a na\u0161ej rozsiahlej sieti zamestnancov sme pripraven\u00ed v\u00e1m pom\u00f4c\u0165 v\u017edy, ke\u010f budete potrebova\u0165 \u010fal\u0161iu pracovn\u00fa silu. Ke\u010f si n\u00e1s najmete na person\u00e1lne obsadenie, m\u00f4\u017eete si by\u0165 ist\u00ed, \u017ee dostanete potrebn\u00fd po\u010det kvalifikovan\u00fdch \u0161pecialistov, ktor\u00ed v\u00e1m pom\u00f4\u017eu splni\u0165 harmonogramy&#8230;<\/p>\n","protected":false},"author":1,"featured_media":0,"parent":0,"menu_order":0,"comment_status":"closed","ping_status":"closed","template":"","meta":{"_vp_format_video_url":"","_vp_image_focal_point":[],"footnotes":""},"class_list":["post-10481","page","type-page","status-publish","hentry"],"_links":{"self":[{"href":"https:\/\/megaconstruction-sro.com\/sk\/wp-json\/wp\/v2\/pages\/10481","targetHints":{"allow":["GET"]}}],"collection":[{"href":"https:\/\/megaconstruction-sro.com\/sk\/wp-json\/wp\/v2\/pages"}],"about":[{"href":"https:\/\/megaconstruction-sro.com\/sk\/wp-json\/wp\/v2\/types\/page"}],"author":[{"embeddable":true,"href":"https:\/\/megaconstruction-sro.com\/sk\/wp-json\/wp\/v2\/users\/1"}],"replies":[{"embeddable":true,"href":"https:\/\/megaconstruction-sro.com\/sk\/wp-json\/wp\/v2\/comments?post=10481"}],"version-history":[{"count":4,"href":"https:\/\/megaconstruction-sro.com\/sk\/wp-json\/wp\/v2\/pages\/10481\/revisions"}],"predecessor-version":[{"id":10632,"href":"https:\/\/megaconstruction-sro.com\/sk\/wp-json\/wp\/v2\/pages\/10481\/revisions\/10632"}],"wp:attachment":[{"href":"https:\/\/megaconstruction-sro.com\/sk\/wp-json\/wp\/v2\/media?parent=10481"}],"curies":[{"name":"wp","href":"https:\/\/api.w.org\/{rel}","templated":true}]}}